{"id":7,"date":"2013-05-04T12:53:23","date_gmt":"2013-05-04T12:53:23","guid":{"rendered":"https:\/\/zfmetropolitana.com\/pt\/?page_id=7"},"modified":"2026-03-02T12:53:31","modified_gmt":"2026-03-02T17:53:31","slug":"la-zona-franca-metropolitana","status":"publish","type":"page","link":"https:\/\/zfmetropolitana.com\/pt\/","title":{"rendered":"LO DICEN NUESTROS USUARIOS"},"content":{"rendered":"<p>A 4 km do Aeroporto El Dorado, o primeiro aeroporto por movimento de carga da Am\u00e9rica Latina e o quarto em import\u00e2ncia por movimento de passageiros.<\/p>\n<p>Bogot\u00e1 \u00e9 o Hub natural para as conex\u00f5es a\u00e9reas que unem a Am\u00e9rica do Norte com Am\u00e9rica Central e do Sul, e se converte na porta de entrada para que outros pa\u00edses se beneficiem dos TLC assinados pela Col\u00f4mbia.<\/p>\n","protected":false},"excerpt":{"rendered":"<p>A 4 km do Aeroporto El Dorado, o primeiro aeroporto por movimento de carga da Am\u00e9rica Latina e o quarto em import\u00e2ncia [&hellip;]<\/p>\n","protected":false},"author":2,"featured_media":0,"parent":0,"menu_order":0,"comment_status":"open","ping_status":"open","template":"page-home.php","meta":{"_acf_changed":false,"footnotes":""},"class_list":["post-7","page","type-page","status-publish","hentry"],"acf":[],"aioseo_notices":[],"_links":{"self":[{"href":"https:\/\/zfmetropolitana.com\/pt\/wp-json\/wp\/v2\/pages\/7","targetHints":{"allow":["GET"]}}],"collection":[{"href":"https:\/\/zfmetropolitana.com\/pt\/wp-json\/wp\/v2\/pages"}],"about":[{"href":"https:\/\/zfmetropolitana.com\/pt\/wp-json\/wp\/v2\/types\/page"}],"author":[{"embeddable":true,"href":"https:\/\/zfmetropolitana.com\/pt\/wp-json\/wp\/v2\/users\/2"}],"replies":[{"embeddable":true,"href":"https:\/\/zfmetropolitana.com\/pt\/wp-json\/wp\/v2\/comments?post=7"}],"version-history":[{"count":97,"href":"https:\/\/zfmetropolitana.com\/pt\/wp-json\/wp\/v2\/pages\/7\/revisions"}],"predecessor-version":[{"id":1432,"href":"https:\/\/zfmetropolitana.com\/pt\/wp-json\/wp\/v2\/pages\/7\/revisions\/1432"}],"wp:attachment":[{"href":"https:\/\/zfmetropolitana.com\/pt\/wp-json\/wp\/v2\/media?parent=7"}],"curies":[{"name":"wp","href":"https:\/\/api.w.org\/{rel}","templated":true}]}}