{"id":69,"date":"2013-05-05T07:07:48","date_gmt":"2013-05-05T07:07:48","guid":{"rendered":"https:\/\/zfmetropolitana.com\/pt\/?page_id=69"},"modified":"2019-04-11T16:18:30","modified_gmt":"2019-04-11T21:18:30","slug":"ubicacion","status":"publish","type":"page","link":"https:\/\/zfmetropolitana.com\/pt\/ventajas-zfm\/ubicacion\/","title":{"rendered":"Ubicaci\u00f3n"},"content":{"rendered":"<h3>COL\u00d4MBIA \u2013 CUNDINAMARCA \u2013 COTA:<\/h3>\n<p>Localizado sobre o eixo oeste de Bogot\u00e1, equidistante do norte e do sul.<\/p>\n<p>Por sua localiza\u00e7\u00e3o, a carga pode entrar em Bogot\u00e1 pelos diferentes corredores log\u00edsticos, sem a preocupa\u00e7\u00e3o de ter que se deslocar transversalmente dentro da cidade, economizando custos por tempos mortos e por restri\u00e7\u00f5es de entrada e mobilidade.<\/p>\n<p>A Rodovia Medell\u00edn (tamb\u00e9m conhecida como a \u201cCalle 80\u201d), dentro do corredor industrial do munic\u00edpio de Cota, tem uma popula\u00e7\u00e3o trabalhadora e altamente capacitada, de tr\u00eas milh\u00f5es de pessoas. Est\u00e1:<\/p>\n<ul>\n<li>a 3,5 km de Bogot\u00e1;<\/li>\n<li>a 4 km do Aeroporto Internacional El Dorado;<\/li>\n<li>a 4,5 km do terminal de \u00f4nibus da 80, ponto de partida de constantes rotas de \u00f4nibus intermunicipais e ponto de conex\u00e3o com o sistema integrado de transporte de Bogot\u00e1;<\/li>\n<\/ul>\n<p>Pr\u00f3xima do Km 0 da Rota do Sol, via que leva aos portos de Cartagena, Barranquilla e Santa Marta e conecta com Santander, Antioquia e Urab\u00e1;<\/p>\n<p>Pr\u00f3xima da intersec\u00e7\u00e3o com a rodovia que comunica o porto de Buenaventura com o leste colombiano e Venezuela.<\/p>\n<p>A moderniza\u00e7\u00e3o do Aeroporto Internacional El Dorado e a assinatura de diferentes Tratados de Livre Com\u00e9rcio convertem este setor em um polo de desenvolvimento; uma grande cadeia de armazenamento e log\u00edstica.<\/p>\n<p>Em um raio de 10 km, encontram-se importantes empresas como: Pepsi Co, Siemmens, Yanbal, LG, Pronaca, Bimbo, Kuehne-Nagel, Suppla, Adidas, Aviomar, Directv, Amaya, entre outras.<\/p>\n","protected":false},"excerpt":{"rendered":"<p>COL\u00d4MBIA \u2013 CUNDINAMARCA \u2013 COTA: Localizado sobre o eixo oeste de Bogot\u00e1, equidistante do norte e do sul. Por sua localiza\u00e7\u00e3o, a [&hellip;]<\/p>\n","protected":false},"author":2,"featured_media":1090,"parent":11,"menu_order":0,"comment_status":"open","ping_status":"open","template":"top-boxes1.php","meta":{"_acf_changed":false,"footnotes":""},"class_list":["post-69","page","type-page","status-publish","has-post-thumbnail","hentry"],"acf":[],"aioseo_notices":[],"_links":{"self":[{"href":"https:\/\/zfmetropolitana.com\/pt\/wp-json\/wp\/v2\/pages\/69","targetHints":{"allow":["GET"]}}],"collection":[{"href":"https:\/\/zfmetropolitana.com\/pt\/wp-json\/wp\/v2\/pages"}],"about":[{"href":"https:\/\/zfmetropolitana.com\/pt\/wp-json\/wp\/v2\/types\/page"}],"author":[{"embeddable":true,"href":"https:\/\/zfmetropolitana.com\/pt\/wp-json\/wp\/v2\/users\/2"}],"replies":[{"embeddable":true,"href":"https:\/\/zfmetropolitana.com\/pt\/wp-json\/wp\/v2\/comments?post=69"}],"version-history":[{"count":17,"href":"https:\/\/zfmetropolitana.com\/pt\/wp-json\/wp\/v2\/pages\/69\/revisions"}],"predecessor-version":[{"id":1235,"href":"https:\/\/zfmetropolitana.com\/pt\/wp-json\/wp\/v2\/pages\/69\/revisions\/1235"}],"up":[{"embeddable":true,"href":"https:\/\/zfmetropolitana.com\/pt\/wp-json\/wp\/v2\/pages\/11"}],"wp:featuredmedia":[{"embeddable":true,"href":"https:\/\/zfmetropolitana.com\/pt\/wp-json\/wp\/v2\/media\/1090"}],"wp:attachment":[{"href":"https:\/\/zfmetropolitana.com\/pt\/wp-json\/wp\/v2\/media?parent=69"}],"curies":[{"name":"wp","href":"https:\/\/api.w.org\/{rel}","templated":true}]}}