{"id":66,"date":"2013-05-05T07:03:39","date_gmt":"2013-05-05T07:03:39","guid":{"rendered":"https:\/\/zfmetropolitana.com\/pt\/?page_id=66"},"modified":"2019-04-11T16:28:51","modified_gmt":"2019-04-11T21:28:51","slug":"beneficios","status":"publish","type":"page","link":"https:\/\/zfmetropolitana.com\/pt\/ventajas-zfm\/beneficios\/","title":{"rendered":"Benef\u00edcios"},"content":{"rendered":"<h3>Com\u00e9rcio Exterior:<\/h3>\n<p>Colocamos \u00e0 disposi\u00e7\u00e3o de nossos clientes a assessoria inicial para a simula\u00e7\u00e3o financeira geral, para estabelecer a viabilidade inicial do projeto em zona franca, estabelecendo economia efetiva em taxas em impostos.<\/p>\n<h3>Assessoria T\u00e9cnica:<\/h3>\n<p>Contamos com firmas de engenharia com mais de 20 anos de experi\u00eancia no setor industrial e log\u00edstico, com um grupo qualificado de profissionais que colocamos \u00e0 disposi\u00e7\u00e3o do cliente para a defini\u00e7\u00e3o de \u00e1reas e implanta\u00e7\u00e3o de suas necessidades de infraestrutura, otimizando os espa\u00e7os e propondo a melhor alternativa de distribui\u00e7\u00e3o.<\/p>\n<h3>Auditoria Cumprimento do Plano Mestre de Desenvolvimento:<\/h3>\n<p>Desde 2013, escolhemos a <a href=\"http:\/\/www.ey.com\/CO\/es\/Home\" target=\"_blank\" rel=\"noopener noreferrer\">Ernst &amp; Young<\/a>, reconhecida empresa multinacional auditora, para certificar ao governo colombiano propostos no Plano Mestre de Desenvolvimento da Zona Franca Metropolitana no cumprimento de nossos compromissos de investimento e gera\u00e7\u00e3o de emprego.<\/p>\n","protected":false},"excerpt":{"rendered":"<p>Com\u00e9rcio Exterior: Colocamos \u00e0 disposi\u00e7\u00e3o de nossos clientes a assessoria inicial para a simula\u00e7\u00e3o financeira geral, para estabelecer a viabilidade inicial do [&hellip;]<\/p>\n","protected":false},"author":2,"featured_media":1096,"parent":11,"menu_order":0,"comment_status":"open","ping_status":"open","template":"top-boxes2.php","meta":{"_acf_changed":false,"footnotes":""},"class_list":["post-66","page","type-page","status-publish","has-post-thumbnail","hentry"],"acf":[],"aioseo_notices":[],"_links":{"self":[{"href":"https:\/\/zfmetropolitana.com\/pt\/wp-json\/wp\/v2\/pages\/66","targetHints":{"allow":["GET"]}}],"collection":[{"href":"https:\/\/zfmetropolitana.com\/pt\/wp-json\/wp\/v2\/pages"}],"about":[{"href":"https:\/\/zfmetropolitana.com\/pt\/wp-json\/wp\/v2\/types\/page"}],"author":[{"embeddable":true,"href":"https:\/\/zfmetropolitana.com\/pt\/wp-json\/wp\/v2\/users\/2"}],"replies":[{"embeddable":true,"href":"https:\/\/zfmetropolitana.com\/pt\/wp-json\/wp\/v2\/comments?post=66"}],"version-history":[{"count":18,"href":"https:\/\/zfmetropolitana.com\/pt\/wp-json\/wp\/v2\/pages\/66\/revisions"}],"predecessor-version":[{"id":1238,"href":"https:\/\/zfmetropolitana.com\/pt\/wp-json\/wp\/v2\/pages\/66\/revisions\/1238"}],"up":[{"embeddable":true,"href":"https:\/\/zfmetropolitana.com\/pt\/wp-json\/wp\/v2\/pages\/11"}],"wp:featuredmedia":[{"embeddable":true,"href":"https:\/\/zfmetropolitana.com\/pt\/wp-json\/wp\/v2\/media\/1096"}],"wp:attachment":[{"href":"https:\/\/zfmetropolitana.com\/pt\/wp-json\/wp\/v2\/media?parent=66"}],"curies":[{"name":"wp","href":"https:\/\/api.w.org\/{rel}","templated":true}]}}