{"id":62,"date":"2013-05-05T06:58:12","date_gmt":"2013-05-05T06:58:12","guid":{"rendered":"https:\/\/zfmetropolitana.com\/pt\/?page_id=62"},"modified":"2019-04-11T16:37:08","modified_gmt":"2019-04-11T21:37:08","slug":"servicios-complementarios","status":"publish","type":"page","link":"https:\/\/zfmetropolitana.com\/pt\/ventajas-zfm\/servicios-complementarios\/","title":{"rendered":"Servi\u00e7os Complementares"},"content":{"rendered":"<h3>Servi\u00e7os Complementares:<\/h3>\n<p>A Zona Franca Metropolitana possui estacionamentos para visitantes e para carretas que oferecem \u00e1reas adicionais para descongestionar as vias de acesso e para oferecer apoio \u00e0 opera\u00e7\u00e3o interna.<\/p>\n<p>H\u00e1 portarias para o acesso de caminh\u00f5es e ve\u00edculos, bem como controle de acesso ao pessoal que entra na Zona Franca Metropolitana.<\/p>\n<p>A Zona Franca Metropolitana conta, entre outros, com os seguintes servi\u00e7os:<\/p>\n<ul class=\"listing\" style=\"margin-left: 30px;\">\n<li>Software em ambiente web, interconectado com as autoridades colombianas para r\u00e1pido ingresso de mercadoria e mat\u00e9rias-primas.<\/li>\n<li>Controles \u00e1geis e seguros para a entrada de pessoal.<\/li>\n<li>P\u00e1tio para inspe\u00e7\u00e3o da Alf\u00e2ndega Colombiana (DIAN).<\/li>\n<li>Infraestrutura de \u00faltima tecnologia.<\/li>\n<li>Zonas verdes<\/li>\n<li>Balan\u00e7a para caminh\u00f5es de 80 toneladas.<\/li>\n<li>Planta de tratamento de \u00e1guas servidas.<\/li>\n<li>Planta de tratamento para recircula\u00e7\u00e3o de \u00e1guas sanit\u00e1rias e pisos.<\/li>\n<li>Tanque de armazenamento de \u00e1gua.<\/li>\n<li>Tanque de reserva para redes contra inc\u00eandios.<\/li>\n<li>Sistema contra inc\u00eandios mediante gabinetes tipo 1.<\/li>\n<li>Zonas de armazenamento de lixo.<\/li>\n<li>Sistemas de seguran\u00e7a perimetral, CCTV, controle de acessos e visitantes.<\/li>\n<li>Estacionamento de visitantes para ve\u00edculos leves e caminh\u00f5es.<\/li>\n<li>Escrit\u00f3rio da Administra\u00e7\u00e3o.<\/li>\n<li>\u00c1rea comercial, de restaurantes e de escrit\u00f3rios.<\/li>\n<li>Escrit\u00f3rio de seguran\u00e7a e controle.<\/li>\n<li>Recep\u00e7\u00e3o geral.<\/li>\n<li>Portaria de ve\u00edculos pesados.<\/li>\n<li>Portaria de ve\u00edculos leves.<\/li>\n<\/ul>\n","protected":false},"excerpt":{"rendered":"<p>Servi\u00e7os Complementares: A Zona Franca Metropolitana possui estacionamentos para visitantes e para carretas que oferecem \u00e1reas adicionais para descongestionar as vias de [&hellip;]<\/p>\n","protected":false},"author":2,"featured_media":1093,"parent":11,"menu_order":0,"comment_status":"open","ping_status":"open","template":"servicios-complementarios.php","meta":{"_acf_changed":false,"footnotes":""},"class_list":["post-62","page","type-page","status-publish","has-post-thumbnail","hentry"],"acf":[],"aioseo_notices":[],"_links":{"self":[{"href":"https:\/\/zfmetropolitana.com\/pt\/wp-json\/wp\/v2\/pages\/62","targetHints":{"allow":["GET"]}}],"collection":[{"href":"https:\/\/zfmetropolitana.com\/pt\/wp-json\/wp\/v2\/pages"}],"about":[{"href":"https:\/\/zfmetropolitana.com\/pt\/wp-json\/wp\/v2\/types\/page"}],"author":[{"embeddable":true,"href":"https:\/\/zfmetropolitana.com\/pt\/wp-json\/wp\/v2\/users\/2"}],"replies":[{"embeddable":true,"href":"https:\/\/zfmetropolitana.com\/pt\/wp-json\/wp\/v2\/comments?post=62"}],"version-history":[{"count":13,"href":"https:\/\/zfmetropolitana.com\/pt\/wp-json\/wp\/v2\/pages\/62\/revisions"}],"predecessor-version":[{"id":1240,"href":"https:\/\/zfmetropolitana.com\/pt\/wp-json\/wp\/v2\/pages\/62\/revisions\/1240"}],"up":[{"embeddable":true,"href":"https:\/\/zfmetropolitana.com\/pt\/wp-json\/wp\/v2\/pages\/11"}],"wp:featuredmedia":[{"embeddable":true,"href":"https:\/\/zfmetropolitana.com\/pt\/wp-json\/wp\/v2\/media\/1093"}],"wp:attachment":[{"href":"https:\/\/zfmetropolitana.com\/pt\/wp-json\/wp\/v2\/media?parent=62"}],"curies":[{"name":"wp","href":"https:\/\/api.w.org\/{rel}","templated":true}]}}