{"id":57,"date":"2013-05-05T06:50:55","date_gmt":"2013-05-05T06:50:55","guid":{"rendered":"https:\/\/zfmetropolitana.com\/pt\/?page_id=57"},"modified":"2019-04-11T15:30:37","modified_gmt":"2019-04-11T20:30:37","slug":"por-que-colombia","status":"publish","type":"page","link":"https:\/\/zfmetropolitana.com\/pt\/inversionistas\/por-que-colombia\/","title":{"rendered":"Por qu\u00e9 Colombia"},"content":{"rendered":"<h3>Estamos em um lugar privilegiado<\/h3>\n<p>Vis\u00e3o Global<\/p>\n<p>O continente americano est\u00e1 privilegiado por ter acesso aos dois oceanos mais importantes do mundo. Devido a sua extens\u00e3o, possui uma variedade clim\u00e1tica (floresta, plan\u00edcies litor\u00e2neas, ladeiras de montanha, plan\u00edcies amaz\u00f4nicas, tundra, punas e geleiras) que permite diversidade na produ\u00e7\u00e3o.<\/p>\n<p><a href=\"https:\/\/www.dinero.com\/economia\/articulo\/los-mejores-y-peores-paises-de-america-latina-para-hacer-negocios\/224138\">Col\u00f4mbia: um dos melhores ambientes da Am\u00e9rica Latina para fazer neg\u00f3cios e um dos pa\u00edses mais competitivos da regi\u00e3o.<\/a><\/p>\n<p>Na \u00faltima d\u00e9cada, a Col\u00f4mbia se esfor\u00e7ou em melhorar seu ambiente de investimento. Como resultado, o Investimento Estrangeiro Direto (IED) ao pa\u00eds se disparou. Nestes tempos incertos, <a href=\"https:\/\/zfmetropolitana.com\/pt\/ventajas-zfm\/ubicacion\/\" target=\"_blank\" rel=\"noopener noreferrer\"> a Col\u00f4mbia \u00e9 vista pelos investidores como um lugar confi\u00e1vel e est\u00e1vel no qual operar<\/a>, pelas seguintes raz\u00f5es:<\/p>\n<ul class=\"listing\" style=\"margin-left: 30px;\">\n<li>Fortalecimento das vari\u00e1veis macroecon\u00f4micas junto a um din\u00e2mico desempenho econ\u00f4mico. O PIB per capita se duplicou na \u00faltima d\u00e9cada, passando de US$ 5.826 em 2000 a US$ 10.350 em 2012.<\/li>\n<li>Mercado interno din\u00e2mico, sendo a 23\u00aa maior popula\u00e7\u00e3o do mundo e a segunda popula\u00e7\u00e3o hispanofalante mais numerosa.<\/li>\n<li>Terceiro pa\u00eds mais \u201camig\u00e1vel\u201d para fazer neg\u00f3cios e o mais reformador na Am\u00e9rica Latina, segundo Doing Business 2013 do Banco Mundial.<\/li>\n<li>Um pa\u00eds com grau de investimento, outorgado por Standard &#038; Poor\u2019s, Moody\u2019s e Fitch sobre a d\u00edvida soberana da Col\u00f4mbia em 2011.<\/li>\n<li>Segunda menor percep\u00e7\u00e3o de risco na regi\u00e3o medida pelo comportamento dos Credit Default Swaps de 5 anos.<\/li>\n<li>F\u00e1cil acesso a mercados globais, gra\u00e7as a uma localiza\u00e7\u00e3o geogr\u00e1fica privilegiada e infraestrutura log\u00edstica desenvolvida.<\/li>\n<li>A Col\u00f4mbia conta com um Plano Nacional de Desenvolvimento que aborda as necessidades prim\u00e1rias do pa\u00eds e desenha e executa um plano de a\u00e7\u00e3o para atingir o crescimento cont\u00ednuo e a competitividade.<\/li>\n<li>O Programa de Transforma\u00e7\u00e3o Produtiva (PTP) fomenta a produtividade e a competitividade de setores com elevado potencial exportador, por meio de uma coordena\u00e7\u00e3o mais eficiente entre o setor p\u00fablico e o privado.<\/li>\n<\/ul>\n<p><strong>Fuente: <\/strong><a href=\"http:\/\/www.procolombia.co\/\">Proexport \/ Invest in Bogota<\/a><\/p>\n<p><a href=\"https:\/\/zfmetropolitana.com\/pt\/ventajas-zfm\/ubicacion\/\">Import\u00e2ncia de estar perto de Bogot\u00e1<\/a><\/p>\n<p>A capital da Col\u00f4mbia, com 7,4 milh\u00f5es de habitantes, \u00e9 uma cidade pr\u00f3spera e cosmopolita que vem se posicionando como um dos principais centros de neg\u00f3cio da Am\u00e9rica Latina.<\/p>\n<p>Seus principais atrativos para o investimento s\u00e3o:<\/p>\n<ul class=\"listing\" style=\"margin-left: 30px;\">\n<li>Uma localiza\u00e7\u00e3o geogr\u00e1fica privilegiada, com acesso aos principais mercados regionais.<\/li>\n<li>Uma for\u00e7a laboral abundante e qualificada.<\/li>\n<li>Custos competitivos.<\/li>\n<li>Um excelente ambiente para fazer neg\u00f3cios.<\/li>\n<li>Qualidade de vida.<\/li>\n<li>Investidores satisfeitos.<\/li>\n<li>Setores altamente promiss\u00f3rios.<\/li>\n<\/ul>\n<p>Fonte:<a href=\"https:\/\/es.investinbogota.org\/\"> Invest in Bogota<\/a><\/p>\n","protected":false},"excerpt":{"rendered":"<p>Estamos em um lugar privilegiado Vis\u00e3o Global O continente americano est\u00e1 privilegiado por ter acesso aos dois oceanos mais importantes do mundo. [&hellip;]<\/p>\n","protected":false},"author":2,"featured_media":1219,"parent":18,"menu_order":0,"comment_status":"open","ping_status":"open","template":"","meta":{"_acf_changed":false,"footnotes":""},"class_list":["post-57","page","type-page","status-publish","has-post-thumbnail","hentry"],"acf":[],"aioseo_notices":[],"_links":{"self":[{"href":"https:\/\/zfmetropolitana.com\/pt\/wp-json\/wp\/v2\/pages\/57","targetHints":{"allow":["GET"]}}],"collection":[{"href":"https:\/\/zfmetropolitana.com\/pt\/wp-json\/wp\/v2\/pages"}],"about":[{"href":"https:\/\/zfmetropolitana.com\/pt\/wp-json\/wp\/v2\/types\/page"}],"author":[{"embeddable":true,"href":"https:\/\/zfmetropolitana.com\/pt\/wp-json\/wp\/v2\/users\/2"}],"replies":[{"embeddable":true,"href":"https:\/\/zfmetropolitana.com\/pt\/wp-json\/wp\/v2\/comments?post=57"}],"version-history":[{"count":17,"href":"https:\/\/zfmetropolitana.com\/pt\/wp-json\/wp\/v2\/pages\/57\/revisions"}],"predecessor-version":[{"id":1228,"href":"https:\/\/zfmetropolitana.com\/pt\/wp-json\/wp\/v2\/pages\/57\/revisions\/1228"}],"up":[{"embeddable":true,"href":"https:\/\/zfmetropolitana.com\/pt\/wp-json\/wp\/v2\/pages\/18"}],"wp:featuredmedia":[{"embeddable":true,"href":"https:\/\/zfmetropolitana.com\/pt\/wp-json\/wp\/v2\/media\/1219"}],"wp:attachment":[{"href":"https:\/\/zfmetropolitana.com\/pt\/wp-json\/wp\/v2\/media?parent=57"}],"curies":[{"name":"wp","href":"https:\/\/api.w.org\/{rel}","templated":true}]}}