{"id":55,"date":"2013-05-05T06:41:25","date_gmt":"2013-05-05T06:41:25","guid":{"rendered":"https:\/\/zfmetropolitana.com\/pt\/?page_id=55"},"modified":"2019-04-11T15:38:27","modified_gmt":"2019-04-11T20:38:27","slug":"acerca-regimen-franco","status":"publish","type":"page","link":"https:\/\/zfmetropolitana.com\/pt\/inversionistas\/acerca-regimen-franco\/","title":{"rendered":"Sobre o RF"},"content":{"rendered":"<h3>O que \u00e9 uma Zona Franca?<\/h3>\n<p>\u201cAs zonas francas s\u00e3o \u00e1reas geogr\u00e1ficas delimitadas do territ\u00f3rio nacional, onde se desenvolvem atividades industriais de bens e de servi\u00e7os ou atividades comerciais, sob uma normatividade especial em mat\u00e9ria tribut\u00e1ria, alfandeg\u00e1ria e de com\u00e9rcio exterior\u201d.<\/p>\n<p>A legisla\u00e7\u00e3o atual sobre zonas francas se origina na Lei 1.004, de 30 de dezembro de 2005, e dela podem beneficiar-se todas as pessoas jur\u00eddicas na totalidade das atividades econ\u00f4micas excetuando aquelas de explora\u00e7\u00e3o ou extra\u00e7\u00e3o de recursos naturais, de presta\u00e7\u00e3o de servi\u00e7os financeiros e de servi\u00e7os p\u00fablicos domiciliares.<br \/>\n<strong>Tipos de Zona Franca<\/strong><\/p>\n<ul class=\"listing\">\n<li>Zonas Francas permanentes: s\u00e3o zonas onde se instalam empresas que desenvolvem diversas atividades industriais, comerciais ou de servi\u00e7os. Estas s\u00e3o administradas por um Usu\u00e1rio Operador que \u00e9 uma empresa autorizada pela DIAN (Dire\u00e7\u00e3o de Impostos e Alf\u00e2ndegas Nacionais) para exercer essa fun\u00e7\u00e3o e pode ser a mesma pessoa jur\u00eddica que desenvolve a zona franca.<\/li>\n<li>Zonas Francas permanentes especiais-uniempresariais: s\u00e3o zonas autorizadas para que uma empresa desenvolva suas atividades industriais ou de servi\u00e7os em uma \u00e1rea determinada por ela mesma. Estas tamb\u00e9m t\u00eam que estar administradas por um Usu\u00e1rio Operador que deve ser uma pessoa jur\u00eddica diferente \u00e0 empresa que desenvolve as atividades na zona franca.<\/li>\n<\/ul>\n","protected":false},"excerpt":{"rendered":"<p>O que \u00e9 uma Zona Franca? \u201cAs zonas francas s\u00e3o \u00e1reas geogr\u00e1ficas delimitadas do territ\u00f3rio nacional, onde se desenvolvem atividades industriais de [&hellip;]<\/p>\n","protected":false},"author":2,"featured_media":1080,"parent":18,"menu_order":0,"comment_status":"open","ping_status":"open","template":"","meta":{"_acf_changed":false,"footnotes":""},"class_list":["post-55","page","type-page","status-publish","has-post-thumbnail","hentry"],"acf":[],"aioseo_notices":[],"_links":{"self":[{"href":"https:\/\/zfmetropolitana.com\/pt\/wp-json\/wp\/v2\/pages\/55","targetHints":{"allow":["GET"]}}],"collection":[{"href":"https:\/\/zfmetropolitana.com\/pt\/wp-json\/wp\/v2\/pages"}],"about":[{"href":"https:\/\/zfmetropolitana.com\/pt\/wp-json\/wp\/v2\/types\/page"}],"author":[{"embeddable":true,"href":"https:\/\/zfmetropolitana.com\/pt\/wp-json\/wp\/v2\/users\/2"}],"replies":[{"embeddable":true,"href":"https:\/\/zfmetropolitana.com\/pt\/wp-json\/wp\/v2\/comments?post=55"}],"version-history":[{"count":15,"href":"https:\/\/zfmetropolitana.com\/pt\/wp-json\/wp\/v2\/pages\/55\/revisions"}],"predecessor-version":[{"id":1231,"href":"https:\/\/zfmetropolitana.com\/pt\/wp-json\/wp\/v2\/pages\/55\/revisions\/1231"}],"up":[{"embeddable":true,"href":"https:\/\/zfmetropolitana.com\/pt\/wp-json\/wp\/v2\/pages\/18"}],"wp:featuredmedia":[{"embeddable":true,"href":"https:\/\/zfmetropolitana.com\/pt\/wp-json\/wp\/v2\/media\/1080"}],"wp:attachment":[{"href":"https:\/\/zfmetropolitana.com\/pt\/wp-json\/wp\/v2\/media?parent=55"}],"curies":[{"name":"wp","href":"https:\/\/api.w.org\/{rel}","templated":true}]}}