{"id":52,"date":"2013-05-05T06:36:24","date_gmt":"2013-05-05T06:36:24","guid":{"rendered":"https:\/\/zfmetropolitana.com\/pt\/?page_id=52"},"modified":"2019-04-25T12:04:44","modified_gmt":"2019-04-25T17:04:44","slug":"beneficios-rf","status":"publish","type":"page","link":"https:\/\/zfmetropolitana.com\/pt\/inversionistas\/beneficios-rf\/","title":{"rendered":"Benef\u00edcios RF"},"content":{"rendered":"<h3>Benef\u00edcios dos Regulamentos da Zona de Livre Com\u00e9rcio \u2013 Zonas de Livre Com\u00e9rcio na Col\u00f4mbia<\/h3>\n<p>Ao se posicionar em <a href=\"https:\/\/zfmetropolitana.com\/pt\/inversionistas\/por-que-colombia\/\">uma zona de livre Com\u00e9rcio,<\/a>voc\u00ea obt\u00e9m:<\/p>\n<ul class=\"listing\" style=\"margin-left: 30px;\">\n<li><strong>Extraterritorialidade<\/strong> aduaneira.<\/li>\n<li><strong>Acesso preferencial  <\/strong>aos mercados.<\/li>\n<li>Os usu\u00e1rios industriais podem ter acesso a escrit\u00f3rios governamentais e entidades administrativas fora da \u00e1rea declarada como uma zona de livre com\u00e9rcio.<\/li>\n<li>Importar sem ICMS, sem tarifas ou Ativos Produtivos Fixos Reais (RFPA); esses s\u00e3o ativos tang\u00edveis de uma organiza\u00e7\u00e3o, necess\u00e1rios para desempenhar sua atividade comercial.<\/li>\n<li>Os consum\u00edveis usados no desenvolvimento da provis\u00e3o de servi\u00e7o<strong>n\u00e3o s\u00e3o desalfandegados.<\/strong><\/li>\n<li>Os usu\u00e1rios industriais e comerciais poder\u00e3o manter os bens necess\u00e1rios em suas instala\u00e7\u00f5es para o desenvolvimento de suas atividades, indefinidamente.<\/li>\n<li><strong>Apuramento parcial <\/strong> da mercadoria, com a nova reforma as partes e pe\u00e7as tamb\u00e9m podem ser desalfandegadas para cumprir com as garantias p\u00f3s-venda.<\/li>\n<li>Utilizar o modo de tr\u00e2nsito aduaneiro para a transfer\u00eancia de portas e travessias fronteiri\u00e7as para uma zona de livre com\u00e9rcio na Col\u00f4mbia.<\/li>\n<li>Os produtos que entram numa  <a title=\"Beneficios de las Zonas Francas, Epicentro de la Proyecci\u00f3n Econ\u00f3mica y Social\" href=\"https:\/\/zfmetropolitana.com\/pt\/2014\/09\/18\/beneficios-zonas-franca\/\">Zona de Livre Com\u00e9rcio na Col\u00f4mbia<\/a> podem ser transformados para obter a origem colombiana como parte da cadeia de produ\u00e7\u00e3o do mesmo e reexport\u00e1-lo para um pa\u00eds com o qual a Col\u00f4mbia tenha um acordo de livre com\u00e9rcio faz com que os acordos comerciais fiquem fortalecidos, permitindo a cria\u00e7\u00e3o do n\u00facleo de complementa\u00e7\u00e3o industrial.<\/li>\n<li><strong>Processos aduaneiros simplificados.<\/strong><\/li>\n<li>Produ\u00e7\u00f5es de mat\u00e9rias-primas ou produtos em processamento para a Col\u00f4mbia para processamento parcial.  <strong>Possibilidade de desempenhar testes t\u00e9cnicos ou parciais do processo industrial de bens ou servi\u00e7os fora da zona de livre com\u00e9rcio, at\u00e9 um termo de nove meses. Adicionalmente, a libera\u00e7\u00e3o tempor\u00e1ria dos bens \u00e9 permitida para um termo m\u00e1ximo de seis meses, para repara\u00e7\u00e3o, revis\u00e3o, manuten\u00e7\u00e3o, an\u00e1lise ou processos de certifica\u00e7\u00e3o. Para os usu\u00e1rios qualificados, ap\u00f3s a data de entrada em vigor do T\u00edtulo II do Decreto 2147 de 2018 (8 de mar\u00e7o de 2018), o processamento parcial supracitado n\u00e3o pode exceder 40% do custo total de produ\u00e7\u00e3o dos bens ou servi\u00e7os no ano fiscal.<\/strong><\/li>\n<li>Destrui\u00e7\u00e3o de bens devido \u00e0 detiora\u00e7\u00e3o, dano total ou dem\u00e9rito absoluto.<\/li>\n<\/ul>\n<p style=\"color: #f00;\"><span style=\"color: #ff0000;\"><strong><span style=\"color: #005588;\">Benef\u00edcios fiscais e aduaneiros das Zonas de Livre Com\u00e9rcio na Col\u00f4mbia<br \/>\n<\/span><br \/>\n<\/strong><\/span><\/p>\n<ul class=\"listing\" style=\"margin-left: 30px;\">\n<li>Os impostos aduaneiros n\u00e3o s\u00e3o acumulados ou pagos (ICMS e TARIFAS), dos bens que s\u00e3o introduzidos a partir do estrangeiro, tal como, mat\u00e9rias-primas, entradas e bens terminados que s\u00e3o vendidos em territ\u00f3rio aduaneiro nacional para usu\u00e1rios industriais da Zona de Livre Com\u00e9rcio.<\/li>\n<li>Qualquer empresa incorporada no pa\u00eds que desempenha as atividades de produ\u00e7\u00e3o, log\u00edstica, transporte, telecomunica\u00e7\u00f5es, cient\u00edfica e investiga\u00e7\u00e3o tecnol\u00f3gica, sa\u00fade em geral, turismo, servi\u00e7os de consultoria, marketing, armazenamento ou conserva\u00e7\u00e3o de bens pode beneficiar dos regulamentos da zona de livre com\u00e9rcio.<\/li>\n<li>Com a nova reforma fiscal, a taxa de imposto sobre o rendimento atualmente em vigor para<strong>usu\u00e1rios industriais e comerciais nas zonas de livre com\u00e9rcio aumentou a partir de 1 janeiro de 2017, alcan\u00e7ando uma taxa de 20% para usu\u00e1rios industriais e operadores da zona de livre com\u00e9rcio, comparados com os 33% aplic\u00e1veis a pessoas coletivas e usu\u00e1rios comerciais.<\/strong>.<\/li>\n<li>Considera-se como uma exporta\u00e7\u00e3o final, com o direito de benef\u00edcios fiscais estabelecidos nos regulamentos aplic\u00e1veis, a introdu\u00e7\u00e3o na zona de livre com\u00e9rcio do NCT (Territ\u00f3rio Aduaneiro Nacional), de quaisquer mat\u00e9rias-primas, entradas e bens terminados em territ\u00f3rio nacional ou em circula\u00e7\u00e3o livre, necess\u00e1rios para o desenvolvimento do fim corporativo do usu\u00e1rio industrial. Da mesma forma, considera-se como exporta\u00e7\u00e3o, a venda e entrega a pa\u00edses terceiros de bens produzidos, transformados ou armazenados por usu\u00e1rios industriais e comerciais.<\/li>\n<li>Para fins de deveres aduaneiros na importa\u00e7\u00e3o de bens da zona de livre com\u00e9rcio para o NCT, os bens dos pa\u00edses com os quais a Col\u00f4mbia tem acordos comerciais em vigor e que foram incorporados no produto terminado, permanecem com o status de origem.<\/li>\n<li>Os usu\u00e1rios industriais podem ter acesso aos escrit\u00f3rios governamentais e entidades administrativas fora da \u00e1rea declarada como zona de livre com\u00e9rcio.<\/li>\n<li><strong>Isen\u00e7\u00e3o de impostos sobre vendas, com o direito de um reembolso bimensal, para mat\u00e9rias-primas, partes, suprimentos e bens terminados vendidos a partir do territ\u00f3rio aduaneiro nacional (NCT) para usu\u00e1rios industriais de bem ou servi\u00e7os da zona de livre com\u00e9rcio ou entre eles, desde que sejam necess\u00e1rios para o desenvolvimento da finalidade comercial desses usu\u00e1rios. <\/strong> Tamb\u00e9m se aplica a vendas entre usu\u00e1rios industriais.<\/li>\n<li>Possibilidade de vender para o territ\u00f3rio nacional colombiano 100% da produ\u00e7\u00e3o de bens ou servi\u00e7os produzidos na Zona de Livre Com\u00e9rcio com a respetiva tarifa e pagamento de ICMS.<\/li>\n<\/ul>\n<p><span style=\"color: #005588;\"><strong>As zonas de livre com\u00e9rcio na Col\u00f4mbia procuram encorajar o investimento com isen\u00e7\u00f5es e dedu\u00e7\u00f5es relacionadas com o imposto sobre o rendimento, tais como:<\/strong><\/span><\/p>\n<ul class=\"listing\" style=\"margin-left: 30px;\">\n<li>A taxa de rendimento e imposto complementar para as pessoas coletivas que s\u00e3o usu\u00e1rios na zona de livre com\u00e9rcio ser\u00e3o de 20%.<\/li>\n<li><strong>\u2022\tContribuintes de renda que fa\u00e7am investimentos ou donativos, direta ou indiretamente, em projetos classificados como investiga\u00e7\u00e3o e desenvolvimento tecnol\u00f3gico, ter\u00e3o o direito de deduzir esses investimentos de sua renda l\u00edquida no per\u00edodo tribut\u00e1vel no qual eles s\u00e3o realizados. Adicionalmente, esses investimentos podem deduzir 25% do valor investido nesses projetos no per\u00edodo tribut\u00e1vel no qual o investimento foi realizado.<\/strong><\/li>\n<li>Os afiliados ou filiais, subsidi\u00e1rias ou ag\u00eancias de empresas estrangeiras na Col\u00f4mbia podem deduzir as quantias que foram pagas ou reconhecidas, direta ou indiretamente, \u00e0s suas sedes ou escrit\u00f3rios no estrangeiro, como despesas administrativas ou de gest\u00e3o, ao contr\u00e1rio dos direitos autorais e da explora\u00e7\u00e3o ou aquisi\u00e7\u00e3o de qualquer tipo de intang\u00edvel, quer seja de origem nacional ou estrangeira, os quais estar\u00e3o sujeitos a um imposto de reten\u00e7\u00e3o estabelecido no Artigo 408 do C\u00f3digo Fiscal colombiano.<\/li>\n<li>Em 200%, os sal\u00e1rios aos trabalhadores com incapacidades motoras s\u00e3o deduz\u00edveis, desde que o empregador n\u00e3o tenha de pagar as contribui\u00e7\u00f5es governamentais (ICBF, SENA, Pens\u00e3o Familiar).<\/li>\n<li>100% da ind\u00fastria e com\u00e9rcio, an\u00fancios e placas e impostos de propriedade s\u00e3o deduz\u00edveis, desde que tenham sido pagos durante o ano ou o per\u00edodo tribut\u00e1vel, e desde que estejam diretamente relacionados com a atividade econ\u00f4mica do contribuinte.<\/li>\n<\/ul>\n","protected":false},"excerpt":{"rendered":"<p>Benef\u00edcios dos Regulamentos da Zona de Livre Com\u00e9rcio \u2013 Zonas de Livre Com\u00e9rcio na Col\u00f4mbia Ao se posicionar em uma zona de [&hellip;]<\/p>\n","protected":false},"author":2,"featured_media":1082,"parent":18,"menu_order":0,"comment_status":"open","ping_status":"open","template":"top-boxes2.php","meta":{"_acf_changed":false,"footnotes":""},"class_list":["post-52","page","type-page","status-publish","has-post-thumbnail","hentry"],"acf":[],"aioseo_notices":[],"_links":{"self":[{"href":"https:\/\/zfmetropolitana.com\/pt\/wp-json\/wp\/v2\/pages\/52","targetHints":{"allow":["GET"]}}],"collection":[{"href":"https:\/\/zfmetropolitana.com\/pt\/wp-json\/wp\/v2\/pages"}],"about":[{"href":"https:\/\/zfmetropolitana.com\/pt\/wp-json\/wp\/v2\/types\/page"}],"author":[{"embeddable":true,"href":"https:\/\/zfmetropolitana.com\/pt\/wp-json\/wp\/v2\/users\/2"}],"replies":[{"embeddable":true,"href":"https:\/\/zfmetropolitana.com\/pt\/wp-json\/wp\/v2\/comments?post=52"}],"version-history":[{"count":37,"href":"https:\/\/zfmetropolitana.com\/pt\/wp-json\/wp\/v2\/pages\/52\/revisions"}],"predecessor-version":[{"id":1251,"href":"https:\/\/zfmetropolitana.com\/pt\/wp-json\/wp\/v2\/pages\/52\/revisions\/1251"}],"up":[{"embeddable":true,"href":"https:\/\/zfmetropolitana.com\/pt\/wp-json\/wp\/v2\/pages\/18"}],"wp:featuredmedia":[{"embeddable":true,"href":"https:\/\/zfmetropolitana.com\/pt\/wp-json\/wp\/v2\/media\/1082"}],"wp:attachment":[{"href":"https:\/\/zfmetropolitana.com\/pt\/wp-json\/wp\/v2\/media?parent=52"}],"curies":[{"name":"wp","href":"https:\/\/api.w.org\/{rel}","templated":true}]}}