{"id":501,"date":"2015-07-16T05:13:16","date_gmt":"2015-07-16T05:13:16","guid":{"rendered":"https:\/\/zfmetropolitana.com\/pt\/?page_id=501"},"modified":"2022-03-01T21:57:13","modified_gmt":"2022-03-02T02:57:13","slug":"normatividad","status":"publish","type":"page","link":"https:\/\/zfmetropolitana.com\/pt\/inversionistas\/normatividad\/","title":{"rendered":"Normatividade"},"content":{"rendered":"<p>A regula\u00e7\u00e3o para o Programa da Zona de Livre Com\u00e9rcio oferece um enquadramento jur\u00eddico \u00e0s empresas, proporcionando seguran\u00e7a e confian\u00e7a nas condi\u00e7\u00f5es que o Governo Nacional Colombiano requer para conceder benef\u00edcios quando operam a partir de uma Zona de Livre Com\u00e9rcio.<\/p>\n<h3>O que \u00e9 a regula\u00e7\u00e3o da Zona de Livre Com\u00e9rcio?<\/h3>\n<p>\u00c9 o enquadramento jur\u00eddico estabelecido por uma lei do Congresso Colombiano (Lei 1004 de 2005), que cont\u00e9m os objetivos das Zonas de Livre Com\u00e9rcio, estruturados em 5 princ\u00edpios fundamentais:<\/p>\n<ol>\n<li>Ser um instrumento para a cria\u00e7\u00e3o de novos empregos e para atrair novos investimentos de capital.<\/li>\n<li>Ser um centro de desenvolvimento que promove a competitividade nas regi\u00f5es onde \u00e9 estabelecida.<\/li>\n<li>Desenvolver processos industriais que s\u00e3o altamente produtivos e competitivos, e que seguem os conceitos de seguran\u00e7a, transpar\u00eancia, tecnologia, produ\u00e7\u00e3o limpa e boas pr\u00e1ticas de neg\u00f3cio.<\/li>\n<li>Promover a cria\u00e7\u00e3o de economias de escala.<\/li>\n<li>Simplificar os procedimentos de comercializa\u00e7\u00e3o de bens e servi\u00e7os para facilitar seus processos de venda.<\/li>\n<\/ol>\n<div id=\"m_-7525164673047276553gmail-m_167861886995241363Signature\">\n<h3 id=\"m_-7525164673047276553gmail-m_167861886995241363divtagdefaultwrapper\" dir=\"ltr\">Porque \u00e9 que \u00e9 importante e para que o usam as empresas?<\/h3>\n<\/div>\n<p>\u00c9 a forma desse Governo definir as condi\u00e7\u00f5es e benef\u00edcios que s\u00e3o concedidos a uma empresa que prende se estabelecer em uma Zona de Livre Com\u00e9rcio.<\/p>\n<h3>Regulamentos atuais &#8211; Ministerio de Comercio, Industria y Turismo<\/h3>\n<p>Visite <a href=\"http:\/\/www.andi.com.co\/Home\/Camara\/1041-camara-de-usuarios-de-zonas-francas#consultoriojuridico\" target=\"_blank\" rel=\"nofollow noopener\">andi.com.co<\/a> (conte\u00fado original em espanhol)<\/p>\n","protected":false},"excerpt":{"rendered":"<p>A regula\u00e7\u00e3o para o Programa da Zona de Livre Com\u00e9rcio oferece um enquadramento jur\u00eddico \u00e0s empresas, proporcionando seguran\u00e7a e confian\u00e7a nas condi\u00e7\u00f5es [&hellip;]<\/p>\n","protected":false},"author":2,"featured_media":1083,"parent":18,"menu_order":0,"comment_status":"open","ping_status":"open","template":"top-boxes3.php","meta":{"_acf_changed":false,"footnotes":""},"class_list":["post-501","page","type-page","status-publish","has-post-thumbnail","hentry"],"acf":[],"aioseo_notices":[],"_links":{"self":[{"href":"https:\/\/zfmetropolitana.com\/pt\/wp-json\/wp\/v2\/pages\/501","targetHints":{"allow":["GET"]}}],"collection":[{"href":"https:\/\/zfmetropolitana.com\/pt\/wp-json\/wp\/v2\/pages"}],"about":[{"href":"https:\/\/zfmetropolitana.com\/pt\/wp-json\/wp\/v2\/types\/page"}],"author":[{"embeddable":true,"href":"https:\/\/zfmetropolitana.com\/pt\/wp-json\/wp\/v2\/users\/2"}],"replies":[{"embeddable":true,"href":"https:\/\/zfmetropolitana.com\/pt\/wp-json\/wp\/v2\/comments?post=501"}],"version-history":[{"count":42,"href":"https:\/\/zfmetropolitana.com\/pt\/wp-json\/wp\/v2\/pages\/501\/revisions"}],"predecessor-version":[{"id":1346,"href":"https:\/\/zfmetropolitana.com\/pt\/wp-json\/wp\/v2\/pages\/501\/revisions\/1346"}],"up":[{"embeddable":true,"href":"https:\/\/zfmetropolitana.com\/pt\/wp-json\/wp\/v2\/pages\/18"}],"wp:featuredmedia":[{"embeddable":true,"href":"https:\/\/zfmetropolitana.com\/pt\/wp-json\/wp\/v2\/media\/1083"}],"wp:attachment":[{"href":"https:\/\/zfmetropolitana.com\/pt\/wp-json\/wp\/v2\/media?parent=501"}],"curies":[{"name":"wp","href":"https:\/\/api.w.org\/{rel}","templated":true}]}}