{"id":477,"date":"2015-05-07T15:53:12","date_gmt":"2015-05-07T15:53:12","guid":{"rendered":"https:\/\/zfmetropolitana.com\/pt\/?page_id=477"},"modified":"2019-04-11T17:00:01","modified_gmt":"2019-04-11T22:00:01","slug":"espacios-disponibles","status":"publish","type":"page","link":"https:\/\/zfmetropolitana.com\/pt\/espacios-disponibles\/","title":{"rendered":"Espa\u00e7os Dispon\u00edveis"},"content":{"rendered":"<p class=\"p1\" style=\"text-align: justify;\"><span class=\"s1\">Contamos com \u00e1reas livres de colunas com v\u00e3os livres de 56 metros de profundidade e 34 metros de largura. Temos pisos extrapolados que permitem a utiliza\u00e7\u00e3o de equipamentos de \u00faltima gera\u00e7\u00e3o para a administra\u00e7\u00e3o de invent\u00e1rios. A Zona Franca Metropolitana conta com docas de carregamento para carga de caminh\u00f5es, ilumina\u00e7\u00e3o natural e tipo LED, escrit\u00f3rios em mezanino e dois pisos adicionais. A altura total destes espa\u00e7os \u00e9 de 12 metros e 15 metros at\u00e9 ao ponto mais alto.<\/span><\/p>\n<p class=\"p1\" style=\"text-align: justify;\"><span class=\"s1\">Armaz\u00e9ns modulares, com a possibilidade de se unirem lateralmente ou posteriormente para formarem armaz\u00e9ns com o dobro da profundidade. <a href=\"https:\/\/zfmetropolitana.com\/pt\/contacto\/\">Clique aqui<\/a> para obter mais informa\u00e7\u00e3o.<\/span><\/p>\n","protected":false},"excerpt":{"rendered":"<p>Contamos com \u00e1reas livres de colunas com v\u00e3os livres de 56 metros de profundidade e 34 metros de largura. Temos pisos extrapolados [&hellip;]<\/p>\n","protected":false},"author":2,"featured_media":1091,"parent":0,"menu_order":0,"comment_status":"open","ping_status":"open","template":"mappage.php","meta":{"_acf_changed":false,"footnotes":""},"class_list":["post-477","page","type-page","status-publish","has-post-thumbnail","hentry"],"acf":[],"aioseo_notices":[],"_links":{"self":[{"href":"https:\/\/zfmetropolitana.com\/pt\/wp-json\/wp\/v2\/pages\/477","targetHints":{"allow":["GET"]}}],"collection":[{"href":"https:\/\/zfmetropolitana.com\/pt\/wp-json\/wp\/v2\/pages"}],"about":[{"href":"https:\/\/zfmetropolitana.com\/pt\/wp-json\/wp\/v2\/types\/page"}],"author":[{"embeddable":true,"href":"https:\/\/zfmetropolitana.com\/pt\/wp-json\/wp\/v2\/users\/2"}],"replies":[{"embeddable":true,"href":"https:\/\/zfmetropolitana.com\/pt\/wp-json\/wp\/v2\/comments?post=477"}],"version-history":[{"count":9,"href":"https:\/\/zfmetropolitana.com\/pt\/wp-json\/wp\/v2\/pages\/477\/revisions"}],"predecessor-version":[{"id":1243,"href":"https:\/\/zfmetropolitana.com\/pt\/wp-json\/wp\/v2\/pages\/477\/revisions\/1243"}],"wp:featuredmedia":[{"embeddable":true,"href":"https:\/\/zfmetropolitana.com\/pt\/wp-json\/wp\/v2\/media\/1091"}],"wp:attachment":[{"href":"https:\/\/zfmetropolitana.com\/pt\/wp-json\/wp\/v2\/media?parent=477"}],"curies":[{"name":"wp","href":"https:\/\/api.w.org\/{rel}","templated":true}]}}