{"id":31,"date":"2013-05-04T14:48:38","date_gmt":"2013-05-04T14:48:38","guid":{"rendered":"https:\/\/zfmetropolitana.com\/pt\/?page_id=31"},"modified":"2019-04-11T17:02:59","modified_gmt":"2019-04-11T22:02:59","slug":"avances","status":"publish","type":"page","link":"https:\/\/zfmetropolitana.com\/pt\/avances\/","title":{"rendered":"Progresso de Trabalho \u2013 Estado do Projeto"},"content":{"rendered":"<p style=\"text-align: justify;\">Atualmente, se encontra constru\u00eddo 30% da \u00e1rea de projeto e uns 26% adicionais no processo de constru\u00e7\u00e3o e pr\u00f3xima finaliza\u00e7\u00e3o. O urbanismo se concluiu em 80%, contando j\u00e1 com Objetivo, escala, encerramento definitivo em 100 do per\u00edmetro, CCTV, Piso de tratamento de \u00e1guas residuais, Rede contra inc\u00eandio e tanque de armazenamento de \u00e1gua para a rede contra inc\u00eandio que excede a especifica\u00e7\u00e3o legal.<\/p>\n<p style=\"text-align: justify;\">Iniciamos opera\u00e7\u00f5es em julho de 2013. Contamos com 7 empresas operando a partir da Zona Franca Metropolitana e cumprimos com os compromissos de invers\u00e3o estabelecidos pela lei para os primeiros 5 anos de opera\u00e7\u00e3o.<\/p>\n<p style=\"text-align: justify;\">Tamb\u00e9m temos <a href=\"https:\/\/zfmetropolitana.com\/pt\/espacios-disponibles\/\">\u00e1reas dispon\u00edveis para loca\u00e7\u00e3o e venda<\/a> para personaliza\u00e7\u00e3o e entrega imediata. <a href=\"https:\/\/zfmetropolitana.com\/pt\/contacto\/\">Clique aqui para contatarnos.<\/a><\/p>\n","protected":false},"excerpt":{"rendered":"<p>Atualmente, se encontra constru\u00eddo 30% da \u00e1rea de projeto e uns 26% adicionais no processo de constru\u00e7\u00e3o e pr\u00f3xima finaliza\u00e7\u00e3o. O urbanismo [&hellip;]<\/p>\n","protected":false},"author":2,"featured_media":1092,"parent":0,"menu_order":0,"comment_status":"open","ping_status":"open","template":"avances.php","meta":{"_acf_changed":false,"footnotes":""},"class_list":["post-31","page","type-page","status-publish","has-post-thumbnail","hentry"],"acf":[],"aioseo_notices":[],"_links":{"self":[{"href":"https:\/\/zfmetropolitana.com\/pt\/wp-json\/wp\/v2\/pages\/31","targetHints":{"allow":["GET"]}}],"collection":[{"href":"https:\/\/zfmetropolitana.com\/pt\/wp-json\/wp\/v2\/pages"}],"about":[{"href":"https:\/\/zfmetropolitana.com\/pt\/wp-json\/wp\/v2\/types\/page"}],"author":[{"embeddable":true,"href":"https:\/\/zfmetropolitana.com\/pt\/wp-json\/wp\/v2\/users\/2"}],"replies":[{"embeddable":true,"href":"https:\/\/zfmetropolitana.com\/pt\/wp-json\/wp\/v2\/comments?post=31"}],"version-history":[{"count":12,"href":"https:\/\/zfmetropolitana.com\/pt\/wp-json\/wp\/v2\/pages\/31\/revisions"}],"predecessor-version":[{"id":1245,"href":"https:\/\/zfmetropolitana.com\/pt\/wp-json\/wp\/v2\/pages\/31\/revisions\/1245"}],"wp:featuredmedia":[{"embeddable":true,"href":"https:\/\/zfmetropolitana.com\/pt\/wp-json\/wp\/v2\/media\/1092"}],"wp:attachment":[{"href":"https:\/\/zfmetropolitana.com\/pt\/wp-json\/wp\/v2\/media?parent=31"}],"curies":[{"name":"wp","href":"https:\/\/api.w.org\/{rel}","templated":true}]}}