{"id":266,"date":"2013-10-23T17:15:46","date_gmt":"2013-10-23T17:15:46","guid":{"rendered":"https:\/\/zfmetropolitana.com\/pt\/?page_id=266"},"modified":"2015-05-06T15:55:23","modified_gmt":"2015-05-06T15:55:23","slug":"inversiones-inmobiliarias","status":"publish","type":"page","link":"https:\/\/zfmetropolitana.com\/pt\/ventajas-zfm\/inversiones-inmobiliarias\/","title":{"rendered":"Por Nuestra Ubicaci\u00f3n Somos una de las Mejores Inversiones Inmobiliarias"},"content":{"rendered":"<p style=\"text-align: justify;\"><strong>Por Nuestra Ubicaci\u00f3n Somos una de las Mejores Inversiones Inmobiliarias<\/strong><\/p>\n<p style=\"text-align: justify;\">Las <b><i>inversiones inmobiliarias en zona franca<\/i><\/b>, son una importante herramienta para que las empresas y los inversionistas puedan competir con sus productos y servicios  a nivel nacional e internacional, estas atraen inversionistas para tener  un buen impacto en la econom\u00eda tanto local como global. Como<b><\/b><i><b> inversiones inmobiliarias,<\/b><\/i><b><i><\/i><\/b>  adem\u00e1s de causar un efecto econ\u00f3mico, cuentan con un gran aporte social, ya que generan empleo a muchas personas.<\/p>\n<table>\n<tbody>\n<tr>\n<td width=\"10\"><\/td>\n<td><a href=\"https:\/\/zfmetropolitana.com\/pt\/wp-content\/uploads\/2013\/10\/invinm_1.jpg\" rel=\"lightbox\"><img loading=\"lazy\" decoding=\"async\" class=\"alignnone size-full wp-image-273\" alt=\"\" src=\"https:\/\/zfmetropolitana.com\/pt\/wp-content\/uploads\/2013\/10\/invinm_1.jpg\" width=\"300\" height=\"250\" \/><\/a><\/td>\n<td width=\"20\"><\/td>\n<td><a href=\"https:\/\/zfmetropolitana.com\/pt\/wp-content\/uploads\/2013\/10\/invinm_2.jpg\" rel=\"lightbox\"><img loading=\"lazy\" decoding=\"async\" class=\"alignnone size-full wp-image-274\" alt=\"\" src=\"https:\/\/zfmetropolitana.com\/pt\/wp-content\/uploads\/2013\/10\/invinm_2.jpg\" width=\"300\" height=\"250\" \/><\/a><\/td>\n<td width=\"20\"><\/td>\n<td><a href=\"https:\/\/zfmetropolitana.com\/pt\/wp-content\/uploads\/2013\/10\/invinm_3.jpg\" rel=\"lightbox\"><img loading=\"lazy\" decoding=\"async\" class=\"alignnone size-full wp-image-275\" alt=\"\" src=\"https:\/\/zfmetropolitana.com\/pt\/wp-content\/uploads\/2013\/10\/invinm_3.jpg\" width=\"300\" height=\"250\" \/><\/a><\/td>\n<\/tr>\n<\/tbody>\n<\/table>\n<div class=\"clearfix\">&nbsp;<\/div>\n<p style=\"text-align: justify;\">Estas \u00e1reas o<b><\/b><i><b> inversiones inmobiliarias,<\/b><\/i><b><i><\/i><\/b> no solo se establecen con el fin de comercializar productos de forma masiva, ya que estas son una gran oportunidad para que se ubiquen las empresas encargadas de prestar servicios a la poblaci\u00f3n en general, por su cercan\u00eda con las ciudades o poblaciones. Estas <em><strong>inversiones inmobiliarias<\/strong><\/em> en la actualidad cuentan con un buen reconocimiento para que cada una de las empresas que las conforman sea tenida en cuenta.<\/p>\n<table>\n<tbody>\n<tr>\n<td width=\"10\"><\/td>\n<td><a href=\"https:\/\/zfmetropolitana.com\/pt\/wp-content\/uploads\/2013\/10\/invinm_6.jpg\" rel=\"lightbox\"><img loading=\"lazy\" decoding=\"async\" class=\"alignnone size-full wp-image-278\" alt=\"\" src=\"https:\/\/zfmetropolitana.com\/pt\/wp-content\/uploads\/2013\/10\/invinm_6.jpg\" width=\"300\" height=\"250\" \/><\/a><\/td>\n<td width=\"20\"><\/td>\n<td><a href=\"https:\/\/zfmetropolitana.com\/pt\/wp-content\/uploads\/2013\/10\/invinm_5.jpg\" rel=\"lightbox\"><img loading=\"lazy\" decoding=\"async\" class=\"alignnone size-full wp-image-277\" alt=\"inversiones inmobiliarias\" src=\"https:\/\/zfmetropolitana.com\/pt\/wp-content\/uploads\/2013\/10\/invinm_5.jpg\" width=\"300\" height=\"250\" \/><\/a><\/td>\n<td width=\"20\"><\/td>\n<td><a href=\"https:\/\/zfmetropolitana.com\/pt\/wp-content\/uploads\/2013\/10\/invinm_4.jpg\" rel=\"lightbox\"><img loading=\"lazy\" decoding=\"async\" class=\"alignnone size-full wp-image-276\" alt=\"inversiones inmobiliarias\" src=\"https:\/\/zfmetropolitana.com\/pt\/wp-content\/uploads\/2013\/10\/invinm_4.jpg\" width=\"300\" height=\"250\" \/><\/a><\/td>\n<\/tr>\n<\/tbody>\n<\/table>\n<div class=\"clearfix\">&nbsp;<\/div>\n<p style=\"text-align: justify;\"><b><i>Zona Franca Metropolitna<\/i><\/b><b>, una herramienta de alto impacto <\/b><\/p>\n<p style=\"text-align: justify;\">Las organizaciones pued<i>en hacer inversiones inmobiliarias aqu\u00ed<\/i><b><i><\/i><\/b>, un  espacio que logre satisfacer su necesidad, no solo de ubicaci\u00f3n, sino tambi\u00e9n de tecnolog\u00eda, ya que le permite hacer parte de los procesos tecnol\u00f3gicos para cada d\u00eda posicionarse y abrir puertas hacia nuevos mercados. Por lo general proporcionan espacios industriales importantes y generan un servicio de calidad a cada una de las personas o empresas que lo requieran. Las <b><i>inversione inmobiliarias <\/i><\/b>en ZFM<b> <\/b>son la opci\u00f3n de la actualidad para llevar las empresas un paso m\u00e1s adelante.<\/p>\n<p style=\"text-align: justify;\">Por medio de nosotros las empresas se pueden beneficiar del TLC firmado por el gobierno Colombiano, tambi\u00e9n est\u00e1 ubicada cerca al aeropuerto Internacional El Dorado para as\u00ed poder tener una mayor contacto con el mercado internacional.<\/p>\n","protected":false},"excerpt":{"rendered":"<p>Por Nuestra Ubicaci\u00f3n Somos una de las Mejores Inversiones Inmobiliarias Las inversiones inmobiliarias en zona franca, son una importante herramienta para que [&hellip;]<\/p>\n","protected":false},"author":2,"featured_media":0,"parent":11,"menu_order":0,"comment_status":"open","ping_status":"open","template":"","meta":{"_acf_changed":false,"footnotes":""},"class_list":["post-266","page","type-page","status-publish","hentry"],"acf":[],"aioseo_notices":[],"_links":{"self":[{"href":"https:\/\/zfmetropolitana.com\/pt\/wp-json\/wp\/v2\/pages\/266","targetHints":{"allow":["GET"]}}],"collection":[{"href":"https:\/\/zfmetropolitana.com\/pt\/wp-json\/wp\/v2\/pages"}],"about":[{"href":"https:\/\/zfmetropolitana.com\/pt\/wp-json\/wp\/v2\/types\/page"}],"author":[{"embeddable":true,"href":"https:\/\/zfmetropolitana.com\/pt\/wp-json\/wp\/v2\/users\/2"}],"replies":[{"embeddable":true,"href":"https:\/\/zfmetropolitana.com\/pt\/wp-json\/wp\/v2\/comments?post=266"}],"version-history":[{"count":11,"href":"https:\/\/zfmetropolitana.com\/pt\/wp-json\/wp\/v2\/pages\/266\/revisions"}],"predecessor-version":[{"id":455,"href":"https:\/\/zfmetropolitana.com\/pt\/wp-json\/wp\/v2\/pages\/266\/revisions\/455"}],"up":[{"embeddable":true,"href":"https:\/\/zfmetropolitana.com\/pt\/wp-json\/wp\/v2\/pages\/11"}],"wp:attachment":[{"href":"https:\/\/zfmetropolitana.com\/pt\/wp-json\/wp\/v2\/media?parent=266"}],"curies":[{"name":"wp","href":"https:\/\/api.w.org\/{rel}","templated":true}]}}