{"id":11,"date":"2013-05-04T13:50:59","date_gmt":"2013-05-04T13:50:59","guid":{"rendered":"https:\/\/zfmetropolitana.com\/pt\/?page_id=11"},"modified":"2019-04-11T15:55:51","modified_gmt":"2019-04-11T20:55:51","slug":"ventajas-zfm","status":"publish","type":"page","link":"https:\/\/zfmetropolitana.com\/pt\/ventajas-zfm\/","title":{"rendered":"Vantagens ZFM"},"content":{"rendered":"<h3>Vis\u00e3o:<\/h3>\n<p>Desenvolver uma Zona Franca especializada em Log\u00edstica, Ind\u00fastria e Servi\u00e7os, que agregue valor a seus usu\u00e1rios e conte com infraestrutura de \u00faltima gera\u00e7\u00e3o, para atrair e manter empresas l\u00edderes no mercado mundial.<\/p>\n<div class=\"row\">\n<div class=\"col-lg-6\">\n<h3 class=\"text-danger\">Descri\u00e7\u00e3o do Projeto:<\/h3>\n<ul class=\"listing\">\n<li>\u00c1rea total 235.320 m\u00b2<\/li>\n<li>\u00c1rea de galp\u00f5es 107.308 m\u00b2<\/li>\n<li>\u00c1rea de escrit\u00f3rios 11.000 m\u00b2<\/li>\n<li>Mais de 60.000 m\u00b2 de zonas verdes<\/li>\n<li>A Zona Franca Metropolitana contar\u00e1 com um parque ecol\u00f3gico, passagens para pedestres e um passeio ambiental com zonas verdes arborizadas e a estrutura necess\u00e1ria para todos os usu\u00e1rios da zona franca.<\/li>\n<li>Constru\u00e7\u00e3o sustent\u00e1vel<\/li>\n<li>Dispositivos bioclim\u00e1ticos<\/li>\n<\/ul>\n<\/div>\n<div class=\"col-lg-6\">\n<h3 class=\"text-danger\">Especifica\u00e7\u00f5es T\u00e9cnicas dos Galp\u00f5es:<\/h3>\n<ul class=\"listing\">\n<li>M\u00f3dulos desde 1.298 m\u00b2<\/li>\n<li>Altura livre de 12 metros<\/li>\n<li>AAmplos espa\u00e7os sem colunas interiores<\/li>\n<li>Ilumina\u00e7\u00e3o natural no interior dos galp\u00f5es<\/li>\n<li>Pisos de alta resist\u00eancia e planos<\/li>\n<li>Um cais de carga cada 600 m\u00b2<\/li>\n<li>Um estacionamento de ve\u00edculos leves por cada 180 m\u00b2<\/li>\n<\/ul>\n<\/div>\n<\/div>\n<h3 class=\"text-danger\">Especifica\u00e7\u00f5es T\u00e9cnicas de Edif\u00edcios de Escrit\u00f3rios:<\/h3>\n<ul class=\"listing\">\n<li>Elevada conetividade, especializados para call centers e BPOs<\/li>\n<li>Amplias plantas libres<\/li>\n<li>Uso intensivo de tecnologias da informa\u00e7\u00e3o e comunica\u00e7\u00f5es para facilitar as opera\u00e7\u00f5es no interior da Zona Franca Metropolitana.<\/li>\n<li>Espa\u00e7os e infraestrutura necess\u00e1ria para a terceiriza\u00e7\u00e3o de servi\u00e7os tecnol\u00f3gicos e empresariais.<\/li>\n<li>Dotados com modernas salas de reuni\u00e3o, sal\u00f5es para confer\u00eancias, videoconfer\u00eancias, audit\u00f3rios e conetividade e alta seguran\u00e7a<\/li>\n<li>Edif\u00edcios com ampla circula\u00e7\u00e3o interna.<\/li>\n<li>Grandes pisos livres preparados para serem equipados de acordo com as necessidades dos clientes.<\/li>\n<li>Telhados verdes<\/li>\n<li>Espa\u00e7os verdes interiores<\/li>\n<li>Desenvolvimento de edif\u00edcios para servi\u00e7os B.P.O, tecnologia e farmac\u00eautica de \u00faltima gera\u00e7\u00e3o segundo as tend\u00eancias mundiais, tecnologicamente dotadas com infraestrutura para seguran\u00e7a de comunica\u00e7\u00f5es e servi\u00e7o<\/li>\n<\/ul>\n","protected":false},"excerpt":{"rendered":"<p>Vis\u00e3o: Desenvolver uma Zona Franca especializada em Log\u00edstica, Ind\u00fastria e Servi\u00e7os, que agregue valor a seus usu\u00e1rios e conte com infraestrutura de [&hellip;]<\/p>\n","protected":false},"author":2,"featured_media":1089,"parent":0,"menu_order":0,"comment_status":"open","ping_status":"open","template":"ventajas-zfm.php","meta":{"_acf_changed":false,"footnotes":""},"class_list":["post-11","page","type-page","status-publish","has-post-thumbnail","hentry"],"acf":[],"aioseo_notices":[],"_links":{"self":[{"href":"https:\/\/zfmetropolitana.com\/pt\/wp-json\/wp\/v2\/pages\/11","targetHints":{"allow":["GET"]}}],"collection":[{"href":"https:\/\/zfmetropolitana.com\/pt\/wp-json\/wp\/v2\/pages"}],"about":[{"href":"https:\/\/zfmetropolitana.com\/pt\/wp-json\/wp\/v2\/types\/page"}],"author":[{"embeddable":true,"href":"https:\/\/zfmetropolitana.com\/pt\/wp-json\/wp\/v2\/users\/2"}],"replies":[{"embeddable":true,"href":"https:\/\/zfmetropolitana.com\/pt\/wp-json\/wp\/v2\/comments?post=11"}],"version-history":[{"count":26,"href":"https:\/\/zfmetropolitana.com\/pt\/wp-json\/wp\/v2\/pages\/11\/revisions"}],"predecessor-version":[{"id":1234,"href":"https:\/\/zfmetropolitana.com\/pt\/wp-json\/wp\/v2\/pages\/11\/revisions\/1234"}],"wp:featuredmedia":[{"embeddable":true,"href":"https:\/\/zfmetropolitana.com\/pt\/wp-json\/wp\/v2\/media\/1089"}],"wp:attachment":[{"href":"https:\/\/zfmetropolitana.com\/pt\/wp-json\/wp\/v2\/media?parent=11"}],"curies":[{"name":"wp","href":"https:\/\/api.w.org\/{rel}","templated":true}]}}